{"id":427,"date":"2026-04-06T11:45:41","date_gmt":"2026-04-06T16:45:41","guid":{"rendered":"https:\/\/carchialdia.org\/?page_id=427"},"modified":"2026-04-06T11:57:01","modified_gmt":"2026-04-06T16:57:01","slug":"codigo-de-etica","status":"publish","type":"page","link":"https:\/\/carchialdia.org\/?page_id=427","title":{"rendered":"C\u00f3digo de \u00c9tica"},"content":{"rendered":"<p style=\"text-align: center;\"><strong>C\u00d3DIGO DE \u00c9TICA CARCHI AL D\u00cdA<\/strong><\/p>\n<p><strong>INTRODUCCI\u00d3N<\/strong><\/p>\n<p>El presente C\u00f3digo de \u00c9tica del Peri\u00f3dico impreso y Carchi Al D\u00eda Digital ha sido elaborado de acuerdo a la legislaci\u00f3n presente y su objetivo comunicacional, que regula el trabajo individual y colectivo de los trabajadores de este peri\u00f3dico. Somos un medio de comunicaci\u00f3n privado de acuerdo al Art\u00edculo 84 de la Ley Reformatoria de Comunicaci\u00f3n: \u201cLos medios de comunicaci\u00f3n privados son personas naturales o jur\u00eddicas de derecho privado con finalidad de lucro, cuyo objeto es la prestaci\u00f3n de servicios comerciales de divulgaci\u00f3n o intercambio de contenidos, de su propia creaci\u00f3n o provistas por terceros, a trav\u00e9s de diversas plataformas tecnol\u00f3gicas de comunicaci\u00f3n\u201d.<\/p>\n<p>&nbsp;<\/p>\n<p><strong>OBJETIVO<\/strong><\/p>\n<p>El presente C\u00f3digo de \u00c9tica busca autorregular la conducta y el trabajo de todos quienes laboran en este medio de comunicaci\u00f3n para garantizar un servicio comunicacional que responda a nuestros objetivos.<\/p>\n<p>&nbsp;<\/p>\n<p><strong>CONSIDERACIONES GENERALES<\/strong><\/p>\n<p>Este C\u00f3digo recoge principios universalmente reconocidos para el ejercicio \u00e9tico del periodismo y garantizar\u00e1 el derecho a la informaci\u00f3n y a la comunicaci\u00f3n, que est\u00e1 reconocido en la Declaraci\u00f3n Universal de los Derechos Humanos (Art. 19), en la Convenci\u00f3n Americana de Derechos Humanos (Art. 13), en la Constituci\u00f3n de la Rep\u00fablica del Ecuador (Arts. 16, 17, 18, 19 y 20) y en la Ley Org\u00e1nica a la Ley Org\u00e1nica de Comunicaci\u00f3n del Ecuador.<\/p>\n<p>&nbsp;<\/p>\n<p><strong>COMPROMISOS PERSONALES Y DE AUTORREGULACI\u00d3N<\/strong><\/p>\n<p><strong>Principios de autorregulaci\u00f3n<\/strong><\/p>\n<ol>\n<li>a) Compromiso con la veracidad de la informaci\u00f3n;<\/li>\n<li>b) Apego a la transparencia;<\/li>\n<li>c) Ejercicio de libertad de expresi\u00f3n y pensamiento; y,<\/li>\n<li>d) Respeto a los derechos fundamentales.<\/li>\n<\/ol>\n<p>&nbsp;<\/p>\n<p><strong>Fundamentos de la autorregulaci\u00f3n<\/strong><\/p>\n<ol>\n<li>a) Defiende el derecho universal a la comunicaci\u00f3n, en beneficio de todos los ciudadanos;<\/li>\n<li>b) Promueve y protege la libertad editorial;<\/li>\n<li>c) Promueve la calidad de la informaci\u00f3n;<\/li>\n<li>d) Establece un v\u00ednculo entre profesionales y ciudadan\u00eda sobre bases de confianza;<\/li>\n<li>e) Propicia el involucramiento de la ciudadan\u00eda como parte fundamental de la autorregulaci\u00f3n;<\/li>\n<li>f) Fomenta la responsabilidad social de los medios; y,<\/li>\n<li>g) Respeta los derechos humanos de los trabajadores de la comunicaci\u00f3n.<\/li>\n<\/ol>\n<p>&nbsp;<\/p>\n<p><strong>Adem\u00e1s, el personal de Carchi Al D\u00eda impreso y digital:<\/strong><\/p>\n<p>Respeta la autor\u00eda del material period\u00edstico difundido, en estos casos citar las fuentes y otorgar los cr\u00e9ditos correspondientes.<\/p>\n<p>Cumple con las obligaciones que la profesi\u00f3n period\u00edstica o de comunicaci\u00f3n social.<\/p>\n<p>Respeta la dignidad, el honor, la intimidad y la vida privada de todas las personas.<\/p>\n<p>Cuida el porte personal. Cuida el no usar palabras obscenas y\/o groseras que denigren la dignidad de las personas.<\/p>\n<p>Fomenta el compa\u00f1erismo y el trabajo en equipo dentro y fuera del medio de comunicaci\u00f3n.<\/p>\n<p>Se abstiene de realizar y difundir contenidos y comentarios discriminatorios.<\/p>\n<p>Se abstiene de emitir menciones identificativas de ni\u00f1os, ni\u00f1as y adolescentes como autores, testigos o v\u00edctimas de actos il\u00edcitos; salvo el caso que, en aplicaci\u00f3n del inter\u00e9s superior del ni\u00f1o, sea dispuesto por autoridad competente; al igual que protege el derecho a la privacidad de adolescentes en conflicto con la ley penal, en concordancia con las disposiciones del C\u00f3digo de la Ni\u00f1ez y Adolescencia;<\/p>\n<p>Verifica, contextualiza y contrasta la difusi\u00f3n de informaci\u00f3n de relevancia p\u00fablica o inter\u00e9s general.<\/p>\n<p>Evita un tratamiento morboso a la informaci\u00f3n sobre cr\u00edmenes, accidentes, cat\u00e1strofes otros eventos similares.<\/p>\n<p>Hace distinci\u00f3n clara entre noticias, opiniones, editorial, \u00a0\u00a0\u00a0\u00a0\u00a0material comercial o publicitario.<\/p>\n<p>&nbsp;<\/p>\n<p><strong>COMPROMISOS COLECTIVOS<\/strong><\/p>\n<p><strong>\u00a0<\/strong><\/p>\n<p><strong>1.- Del contenido comunicacional<\/strong><\/p>\n<p>1.1.- Los contenidos de los programas responden a la propuesta comunicacional cultural, educativa, formativa, informativa, musical y de entretenimiento propios de nuestra emisora.<\/p>\n<p>1.2.- Nuestra programaci\u00f3n busca la participaci\u00f3n interactiva de la poblaci\u00f3n en los programas o actividades propias de la comunicaci\u00f3n radiof\u00f3nica.<\/p>\n<p><strong>\u00a0<\/strong><\/p>\n<p><strong>2.- De la Producci\u00f3n de Carchi Al D\u00eda y de noticias<\/strong><\/p>\n<p>2.1.- Carchi Al D\u00eda produce y difunde programas culturales, formativos, informativos y de entretenimiento. orientados a promover el desarrollo de los pueblos dentro de nuestro \u00e1mbito de cobertura.<\/p>\n<p>2.2.- Nuestras publicaciones son de car\u00e1cter pluricultural, inclusivo y buscan la equidad de g\u00e9nero.<\/p>\n<p>2.3.- La informaci\u00f3n que emitimos se basa en la veracidad como resultado del acceso a fuentes confiables.<\/p>\n<p>2.4.- Los periodistas y comunicadores deben proteger la identidad de sus fuentes en caso se haya llegado\u00a0\u00a0\u00a0\u00a0\u00a0\u00a0\u00a0\u00a0\u00a0\u00a0\u00a0\u00a0\u00a0\u00a0\u00a0\u00a0\u00a0\u00a0 a un acuerdo para la entrega de informaci\u00f3n.<\/p>\n<p>2.5.- Las entrevistas y material que se incluya en temas, reportajes e informes no deber\u00e1n distorsionar el sentido de la informaci\u00f3n.<\/p>\n<p>2.7.- El peri\u00f3dico fomentar\u00e1 espacios de opini\u00f3n sobre las agendas culturales en el \u00e1mbito local, regional y nacional de forma que el debate, los planes y programas del \u00e1rea cultural se enriquezcan con los aportes de diversos actores sociales.<\/p>\n<p>2.8.- Garantiza la informaci\u00f3n con libertad e independencia de posiciones pol\u00edticas y opciones institucionales.<\/p>\n<p>&nbsp;<\/p>\n<p><strong>4.- De la publicidad<\/strong><\/p>\n<p>4.1.- Los anuncios publicitarios ser\u00e1n coherentes con el car\u00e1cter cultural, informativo y musical. Se evitar\u00e1 la discriminaci\u00f3n por razones de g\u00e9nero, etnia, orientaci\u00f3n sexual, credo religioso y otras.<\/p>\n<p>&nbsp;<\/p>\n<p><strong>VALORES Y PRINCIPIOS<\/strong><\/p>\n<p>Carchi Al D\u00eda promueve los siguientes valores y principios dentro y fuera de sus oficinas.<\/p>\n<ol>\n<li>Confianza y credibilidad demostradas cada d\u00eda.<\/li>\n<li>Empat\u00eda con los compa\u00f1eros de trabajo y las personas que interact\u00faan a trav\u00e9s de la radio y con los clientes.<\/li>\n<li>Agradecimiento y reconocimiento a los trabajadores del medio de comunicaci\u00f3n y con las personas e instituciones que colaboren con Carchi Al D\u00eda.<\/li>\n<li>Actitud de escucha y respeto entre compa\u00f1eros y con los lectores.<\/li>\n<li>Involucra y promueve la participaci\u00f3n de las personas y en especial de las personas con discapacidad.<\/li>\n<li>Inter\u00e9s por el bien de las personas. Promover la filantrop\u00eda.<\/li>\n<li>Actitud positiva y optimista dentro del medio de comunicaci\u00f3n y en la sociedad.<\/li>\n<li>Pluralismo democr\u00e1tico e incluyente.<\/li>\n<\/ol>\n","protected":false},"excerpt":{"rendered":"<p>C\u00d3DIGO DE \u00c9TICA CARCHI AL D\u00cdA INTRODUCCI\u00d3N El presente C\u00f3digo de \u00c9tica del Peri\u00f3dico impreso y Carchi Al D\u00eda Digital ha sido elaborado de acuerdo a la legislaci\u00f3n presente y su objetivo comunicacional, que regula el trabajo individual y colectivo de los trabajadores de este peri\u00f3dico. Somos un medio de comunicaci\u00f3n privado de acuerdo al [&hellip;]<\/p>\n","protected":false},"author":1,"featured_media":0,"parent":258,"menu_order":0,"comment_status":"closed","ping_status":"closed","template":"","meta":{"tdm_status":"","tdm_grid_status":"","footnotes":""},"class_list":["post-427","page","type-page","status-publish","hentry"],"_links":{"self":[{"href":"https:\/\/carchialdia.org\/index.php?rest_route=\/wp\/v2\/pages\/427","targetHints":{"allow":["GET"]}}],"collection":[{"href":"https:\/\/carchialdia.org\/index.php?rest_route=\/wp\/v2\/pages"}],"about":[{"href":"https:\/\/carchialdia.org\/index.php?rest_route=\/wp\/v2\/types\/page"}],"author":[{"embeddable":true,"href":"https:\/\/carchialdia.org\/index.php?rest_route=\/wp\/v2\/users\/1"}],"replies":[{"embeddable":true,"href":"https:\/\/carchialdia.org\/index.php?rest_route=%2Fwp%2Fv2%2Fcomments&post=427"}],"version-history":[{"count":1,"href":"https:\/\/carchialdia.org\/index.php?rest_route=\/wp\/v2\/pages\/427\/revisions"}],"predecessor-version":[{"id":428,"href":"https:\/\/carchialdia.org\/index.php?rest_route=\/wp\/v2\/pages\/427\/revisions\/428"}],"up":[{"embeddable":true,"href":"https:\/\/carchialdia.org\/index.php?rest_route=\/wp\/v2\/pages\/258"}],"wp:attachment":[{"href":"https:\/\/carchialdia.org\/index.php?rest_route=%2Fwp%2Fv2%2Fmedia&parent=427"}],"curies":[{"name":"wp","href":"https:\/\/api.w.org\/{rel}","templated":true}]}}